{"id":15,"date":"2025-11-05T17:20:50","date_gmt":"2025-11-05T17:20:50","guid":{"rendered":"https:\/\/project.brandbuilderltd.com\/?page_id=15"},"modified":"2025-11-09T09:15:45","modified_gmt":"2025-11-09T09:15:45","slug":"om-oss","status":"publish","type":"page","link":"https:\/\/project.brandbuilderltd.com\/en\/om-oss\/","title":{"rendered":"OM OSS"},"content":{"rendered":"<div data-elementor-type=\"wp-page\" data-elementor-id=\"15\" class=\"elementor elementor-15\" data-elementor-post-type=\"page\">\n\t\t\t\t<div class=\"elementor-element elementor-element-22c7851 e-flex e-con-boxed e-con e-parent\" data-id=\"22c7851\" data-element_type=\"container\" data-e-type=\"container\">\n\t\t\t\t\t<div class=\"e-con-inner\">\n\t\t\t\t<div class=\"elementor-element elementor-element-6df3dd6 elementor-widget elementor-widget-heading\" data-id=\"6df3dd6\" data-element_type=\"widget\" data-e-type=\"widget\" data-widget_type=\"heading.default\">\n\t\t\t\t\t<h2 class=\"elementor-heading-title elementor-size-default\">Om oss<\/h2>\t\t\t\t<\/div>\n\t\t\t\t\t<\/div>\n\t\t\t\t<\/div>\n\t\t<div class=\"elementor-element elementor-element-8f4d7fd e-flex e-con-boxed e-con e-parent\" data-id=\"8f4d7fd\" data-element_type=\"container\" data-e-type=\"container\">\n\t\t\t\t\t<div class=\"e-con-inner\">\n\t\t<div class=\"elementor-element elementor-element-b2cd166 e-con-full e-flex e-con e-child\" data-id=\"b2cd166\" data-element_type=\"container\" data-e-type=\"container\">\n\t\t\t\t<div class=\"elementor-element elementor-element-2b2b97f elementor-widget elementor-widget-heading\" data-id=\"2b2b97f\" data-element_type=\"widget\" data-e-type=\"widget\" data-widget_type=\"heading.default\">\n\t\t\t\t\t<h2 class=\"elementor-heading-title elementor-size-default\">\ud83d\udc4b Hei<\/h2>\t\t\t\t<\/div>\n\t\t\t\t<div class=\"elementor-element elementor-element-0ece2be elementor-widget elementor-widget-text-editor\" data-id=\"0ece2be\" data-element_type=\"widget\" data-e-type=\"widget\" data-widget_type=\"text-editor.default\">\n\t\t\t\t\t\t\t\t\t<p>Vi i <strong>Andersen Utleie<\/strong> holder til i <strong>Stavern (Larvik)<\/strong>, og tilbyr lyd- og lysutstyr til alt fra sm\u00e5 sammenkomster til store arrangementer.<\/p><p>M\u00e5let v\u00e5rt er \u00e5 gj\u00f8re det enkelt og rimelig \u00e5 skape god stemning \u2013 enten det er fest, bryllup, konfirmasjon eller konsert.<\/p>\t\t\t\t\t\t\t\t<\/div>\n\t\t\t\t<\/div>\n\t\t<div class=\"elementor-element elementor-element-d58218c e-con-full e-flex e-con e-child\" data-id=\"d58218c\" data-element_type=\"container\" data-e-type=\"container\">\n\t\t\t\t<div class=\"elementor-element elementor-element-0072187 elementor-widget elementor-widget-image\" data-id=\"0072187\" data-element_type=\"widget\" data-e-type=\"widget\" data-widget_type=\"image.default\">\n\t\t\t\t\t\t\t\t\t\t\t\t\t\t\t<img fetchpriority=\"high\" decoding=\"async\" width=\"1024\" height=\"1024\" src=\"https:\/\/project.brandbuilderltd.com\/wp-content\/uploads\/2025\/11\/2pnYzTI-2000x2000-1.webp\" class=\"attachment-large size-large wp-image-197\" alt=\"\" srcset=\"https:\/\/project.brandbuilderltd.com\/wp-content\/uploads\/2025\/11\/2pnYzTI-2000x2000-1.webp 1024w, https:\/\/project.brandbuilderltd.com\/wp-content\/uploads\/2025\/11\/2pnYzTI-2000x2000-1-300x300.webp 300w, https:\/\/project.brandbuilderltd.com\/wp-content\/uploads\/2025\/11\/2pnYzTI-2000x2000-1-150x150.webp 150w, https:\/\/project.brandbuilderltd.com\/wp-content\/uploads\/2025\/11\/2pnYzTI-2000x2000-1-768x768.webp 768w\" sizes=\"(max-width: 1024px) 100vw, 1024px\" \/>\t\t\t\t\t\t\t\t\t\t\t\t\t\t\t<\/div>\n\t\t\t\t<\/div>\n\t\t\t\t\t<\/div>\n\t\t\t\t<\/div>\n\t\t<div class=\"elementor-element elementor-element-6fb73f6 e-flex e-con-boxed e-con e-parent\" data-id=\"6fb73f6\" data-element_type=\"container\" data-e-type=\"container\">\n\t\t\t\t\t<div class=\"e-con-inner\">\n\t\t<div class=\"elementor-element elementor-element-511dbe4 e-con-full e-flex e-con e-child\" data-id=\"511dbe4\" data-element_type=\"container\" data-e-type=\"container\">\n\t\t\t\t<div class=\"elementor-element elementor-element-d8c5224 elementor-widget elementor-widget-image\" data-id=\"d8c5224\" data-element_type=\"widget\" data-e-type=\"widget\" data-widget_type=\"image.default\">\n\t\t\t\t\t\t\t\t\t\t\t\t\t\t\t<img decoding=\"async\" width=\"1024\" height=\"683\" src=\"https:\/\/project.brandbuilderltd.com\/wp-content\/uploads\/2025\/11\/f0UgLOQ-2000x2000-1-1024x683.webp\" class=\"attachment-large size-large wp-image-204\" alt=\"\" srcset=\"https:\/\/project.brandbuilderltd.com\/wp-content\/uploads\/2025\/11\/f0UgLOQ-2000x2000-1-1024x683.webp 1024w, https:\/\/project.brandbuilderltd.com\/wp-content\/uploads\/2025\/11\/f0UgLOQ-2000x2000-1-300x200.webp 300w, https:\/\/project.brandbuilderltd.com\/wp-content\/uploads\/2025\/11\/f0UgLOQ-2000x2000-1-768x512.webp 768w, https:\/\/project.brandbuilderltd.com\/wp-content\/uploads\/2025\/11\/f0UgLOQ-2000x2000-1.webp 1536w\" sizes=\"(max-width: 1024px) 100vw, 1024px\" \/>\t\t\t\t\t\t\t\t\t\t\t\t\t\t\t<\/div>\n\t\t\t\t<\/div>\n\t\t<div class=\"elementor-element elementor-element-4b7a424 e-con-full e-flex e-con e-child\" data-id=\"4b7a424\" data-element_type=\"container\" data-e-type=\"container\">\n\t\t\t\t<div class=\"elementor-element elementor-element-da8495c elementor-widget elementor-widget-heading\" data-id=\"da8495c\" data-element_type=\"widget\" data-e-type=\"widget\" data-widget_type=\"heading.default\">\n\t\t\t\t\t<h2 class=\"elementor-heading-title elementor-size-default\">\ud83d\ude9a Levering gjort enkelt<\/h2>\t\t\t\t<\/div>\n\t\t\t\t<div class=\"elementor-element elementor-element-b3de447 elementor-widget elementor-widget-text-editor\" data-id=\"b3de447\" data-element_type=\"widget\" data-e-type=\"widget\" data-widget_type=\"text-editor.default\">\n\t\t\t\t\t\t\t\t\t<p><strong>Gratis levering<\/strong> ved bestillinger over <strong>1000 kr<\/strong> i omr\u00e5det <strong>Stavern \u2013 Larvik \u2013 Sandefjord \u2013 T\u00f8nsberg \u2013 Porsgrunn \u2013 Skien<\/strong>.<\/p><p>For mindre bestillinger kan det tilkomme et lite tillegg.<\/p><p>Trenger du levering lenger unna, finner vi en l\u00f8sning mot ekstra tillegg.<\/p><p>\ud83c\udfb6 Hvorfor velge oss?Enkelt \u00e5 bestille \u2013 alt er klart n\u00e5r du trenger det.Vi setter opp utstyret for deg (hvis \u00f8nskelig).Utstyr av god kvalitet, testet og klart til bruk.Fleksible priser: <strong>24-timers leie<\/strong>, helgepris og rabatter ved flere dager.<\/p>\t\t\t\t\t\t\t\t<\/div>\n\t\t\t\t<\/div>\n\t\t\t\t\t<\/div>\n\t\t\t\t<\/div>\n\t\t<div class=\"elementor-element elementor-element-aefb07d e-flex e-con-boxed e-con e-parent\" data-id=\"aefb07d\" data-element_type=\"container\" data-e-type=\"container\">\n\t\t\t\t\t<div class=\"e-con-inner\">\n\t\t<div class=\"elementor-element elementor-element-1e513fe e-con-full e-flex e-con e-child\" data-id=\"1e513fe\" data-element_type=\"container\" data-e-type=\"container\">\n\t\t\t\t<div class=\"elementor-element elementor-element-aef8a23 elementor-widget elementor-widget-heading\" data-id=\"aef8a23\" data-element_type=\"widget\" data-e-type=\"widget\" data-widget_type=\"heading.default\">\n\t\t\t\t\t<h2 class=\"elementor-heading-title elementor-size-default\">\ud83c\udfb6 Hvorfor velge oss?<\/h2>\t\t\t\t<\/div>\n\t\t\t\t<div class=\"elementor-element elementor-element-b35b9e0 elementor-widget elementor-widget-text-editor\" data-id=\"b35b9e0\" data-element_type=\"widget\" data-e-type=\"widget\" data-widget_type=\"text-editor.default\">\n\t\t\t\t\t\t\t\t\t<p>Enkelt \u00e5 bestille \u2013 alt er klart n\u00e5r du trenger det.<\/p><p>Vi setter opp utstyret for deg (hvis \u00f8nskelig).<\/p><p>Utstyr av god kvalitet, testet og klart til bruk.<\/p><p>Fleksible priser: <strong>24-timers leie<\/strong>, helgepris og rabatter ved flere dager.<\/p>\t\t\t\t\t\t\t\t<\/div>\n\t\t\t\t<\/div>\n\t\t<div class=\"elementor-element elementor-element-a1be697 e-con-full e-flex e-con e-child\" data-id=\"a1be697\" data-element_type=\"container\" data-e-type=\"container\">\n\t\t\t\t<div class=\"elementor-element elementor-element-3605ba4 elementor-widget elementor-widget-image\" data-id=\"3605ba4\" data-element_type=\"widget\" data-e-type=\"widget\" data-widget_type=\"image.default\">\n\t\t\t\t\t\t\t\t\t\t\t\t\t\t\t<img decoding=\"async\" width=\"1024\" height=\"1024\" src=\"https:\/\/project.brandbuilderltd.com\/wp-content\/uploads\/2025\/11\/y6wCGnP-2000x2000-1.webp\" class=\"attachment-large size-large wp-image-208\" alt=\"\" srcset=\"https:\/\/project.brandbuilderltd.com\/wp-content\/uploads\/2025\/11\/y6wCGnP-2000x2000-1.webp 1024w, https:\/\/project.brandbuilderltd.com\/wp-content\/uploads\/2025\/11\/y6wCGnP-2000x2000-1-300x300.webp 300w, https:\/\/project.brandbuilderltd.com\/wp-content\/uploads\/2025\/11\/y6wCGnP-2000x2000-1-150x150.webp 150w, https:\/\/project.brandbuilderltd.com\/wp-content\/uploads\/2025\/11\/y6wCGnP-2000x2000-1-768x768.webp 768w\" sizes=\"(max-width: 1024px) 100vw, 1024px\" \/>\t\t\t\t\t\t\t\t\t\t\t\t\t\t\t<\/div>\n\t\t\t\t<\/div>\n\t\t\t\t\t<\/div>\n\t\t\t\t<\/div>\n\t\t<div class=\"elementor-element elementor-element-663ce99 e-flex e-con-boxed e-con e-parent\" data-id=\"663ce99\" data-element_type=\"container\" data-e-type=\"container\" data-settings=\"{&quot;position&quot;:&quot;fixed&quot;}\">\n\t\t\t\t\t<div class=\"e-con-inner\">\n\t\t\t\t<div class=\"elementor-element elementor-element-2971d5e elementor-view-stacked elementor-shape-circle elementor-widget elementor-widget-icon\" data-id=\"2971d5e\" data-element_type=\"widget\" data-e-type=\"widget\" data-widget_type=\"icon.default\">\n\t\t\t\t\t\t\t<div class=\"elementor-icon-wrapper\">\n\t\t\t<a class=\"elementor-icon\" href=\"#elementor-action%3Aaction%3Dpopup%3Aopen%26settings%3DeyJpZCI6IjE3MSIsInRvZ2dsZSI6ZmFsc2V9\">\n\t\t\t<svg aria-hidden=\"true\" class=\"e-font-icon-svg e-far-envelope\" viewbox=\"0 0 512 512\" xmlns=\"http:\/\/www.w3.org\/2000\/svg\"><path d=\"M464 64H48C21.49 64 0 85.49 0 112v288c0 26.51 21.49 48 48 48h416c26.51 0 48-21.49 48-48V112c0-26.51-21.49-48-48-48zm0 48v40.805c-22.422 18.259-58.168 46.651-134.587 106.49-16.841 13.247-50.201 45.072-73.413 44.701-23.208.375-56.579-31.459-73.413-44.701C106.18 199.465 70.425 171.067 48 152.805V112h416zM48 400V214.398c22.914 18.251 55.409 43.862 104.938 82.646 21.857 17.205 60.134 55.186 103.062 54.955 42.717.231 80.509-37.199 103.053-54.947 49.528-38.783 82.032-64.401 104.947-82.653V400H48z\"><\/path><\/svg>\t\t\t<\/a>\n\t\t<\/div>\n\t\t\t\t\t\t<\/div>\n\t\t\t\t\t<\/div>\n\t\t\t\t<\/div>\n\t\t\t\t<\/div>","protected":false},"excerpt":{"rendered":"<p>Om oss \ud83d\udc4b Hei Vi i Andersen Utleie holder til i Stavern (Larvik), og tilbyr lyd- og lysutstyr til alt [&hellip;]<\/p>\n","protected":false},"author":1,"featured_media":0,"parent":0,"menu_order":0,"comment_status":"closed","ping_status":"closed","template":"","meta":{"site-sidebar-layout":"no-sidebar","site-content-layout":"","ast-site-content-layout":"full-width-container","site-content-style":"default","site-sidebar-style":"default","ast-global-header-display":"","ast-banner-title-visibility":"","ast-main-header-display":"","ast-hfb-above-header-display":"","ast-hfb-below-header-display":"","ast-hfb-mobile-header-display":"","site-post-title":"disabled","ast-breadcrumbs-content":"","ast-featured-img":"disabled","footer-sml-layout":"","ast-disable-related-posts":"","theme-transparent-header-meta":"","adv-header-id-meta":"","stick-header-meta":"","header-above-stick-meta":"","header-main-stick-meta":"","header-below-stick-meta":"","astra-migrate-meta-layouts":"default","ast-page-background-enabled":"default","ast-page-background-meta":{"desktop":{"background-color":"var(--ast-global-color-5)","background-image":"","background-repeat":"repeat","background-position":"center center","background-size":"auto","background-attachment":"scroll","background-type":"","background-media":"","overlay-type":"","overlay-color":"","overlay-opacity":"","overlay-gradient":""},"tablet":{"background-color":"","background-image":"","background-repeat":"repeat","background-position":"center center","background-size":"auto","background-attachment":"scroll","background-type":"","background-media":"","overlay-type":"","overlay-color":"","overlay-opacity":"","overlay-gradient":""},"mobile":{"background-color":"","background-image":"","background-repeat":"repeat","background-position":"center center","background-size":"auto","background-attachment":"scroll","background-type":"","background-media":"","overlay-type":"","overlay-color":"","overlay-opacity":"","overlay-gradient":""}},"ast-content-background-meta":{"desktop":{"background-color":"var(--ast-global-color-4)","background-image":"","background-repeat":"repeat","background-position":"center center","background-size":"auto","background-attachment":"scroll","background-type":"","background-media":"","overlay-type":"","overlay-color":"","overlay-opacity":"","overlay-gradient":""},"tablet":{"background-color":"var(--ast-global-color-4)","background-image":"","background-repeat":"repeat","background-position":"center center","background-size":"auto","background-attachment":"scroll","background-type":"","background-media":"","overlay-type":"","overlay-color":"","overlay-opacity":"","overlay-gradient":""},"mobile":{"background-color":"var(--ast-global-color-4)","background-image":"","background-repeat":"repeat","background-position":"center center","background-size":"auto","background-attachment":"scroll","background-type":"","background-media":"","overlay-type":"","overlay-color":"","overlay-opacity":"","overlay-gradient":""}},"footnotes":""},"class_list":["post-15","page","type-page","status-publish","hentry"],"jetpack_sharing_enabled":true,"_links":{"self":[{"href":"https:\/\/project.brandbuilderltd.com\/en\/wp-json\/wp\/v2\/pages\/15","targetHints":{"allow":["GET"]}}],"collection":[{"href":"https:\/\/project.brandbuilderltd.com\/en\/wp-json\/wp\/v2\/pages"}],"about":[{"href":"https:\/\/project.brandbuilderltd.com\/en\/wp-json\/wp\/v2\/types\/page"}],"author":[{"embeddable":true,"href":"https:\/\/project.brandbuilderltd.com\/en\/wp-json\/wp\/v2\/users\/1"}],"replies":[{"embeddable":true,"href":"https:\/\/project.brandbuilderltd.com\/en\/wp-json\/wp\/v2\/comments?post=15"}],"version-history":[{"count":28,"href":"https:\/\/project.brandbuilderltd.com\/en\/wp-json\/wp\/v2\/pages\/15\/revisions"}],"predecessor-version":[{"id":404,"href":"https:\/\/project.brandbuilderltd.com\/en\/wp-json\/wp\/v2\/pages\/15\/revisions\/404"}],"wp:attachment":[{"href":"https:\/\/project.brandbuilderltd.com\/en\/wp-json\/wp\/v2\/media?parent=15"}],"curies":[{"name":"wp","href":"https:\/\/api.w.org\/{rel}","templated":true}]}}